{"id":1195,"date":"2023-05-02T14:49:36","date_gmt":"2023-05-02T14:49:36","guid":{"rendered":"https:\/\/casasdomondego.com\/site01\/?page_id=1195"},"modified":"2026-01-11T18:26:10","modified_gmt":"2026-01-11T18:26:10","slug":"precos","status":"publish","type":"page","link":"https:\/\/www.casasdomondego.com\/site\/precos\/","title":{"rendered":"Pre\u00e7os"},"content":{"rendered":"\n  \n    \n    <section class=\"u-align-left u-clearfix u-grey-5 u-section-2\" id=\"carousel_f659\">\n      <div class=\"u-clearfix u-sheet u-sheet-1\">\n        <h2 class=\"u-align-center u-text u-text-palette-1-base u-text-1\" data-lang-pt=\"\u200b&lt;a href=&quot;&quot; class=&quot;u-active-none u-border-none u-btn u-button-style u-hover-none u-none u-text-palette-1-base u-block-control u-btn-1&quot; style=&quot;background-image: none; padding-top: 0; padding-bottom: 0; padding-left: 0; padding-right: 0&quot; data-block=&quot;26&quot;&gt;Pre\u00e7os e Condi\u00e7\u00f5es&lt;\/a&gt;\" data-lang-en=\"Prices and Conditions\">\n          <a href=\"\" class=\"u-active-none u-border-none u-btn u-button-style u-hover-none u-none u-text-palette-1-base u-btn-1\">Pre\u00e7os e Condi\u00e7\u00f5es<\/a>\n        <\/h2>\n        <p class=\"u-align-left u-large-text u-text u-text-variant u-text-2\" data-lang-pt=\"\u200b&lt;span style=&quot;font-weight: 700;&quot;&gt;Observa\u00e7\u00f5es:&lt;\/span&gt;&lt;br&gt;&lt;br&gt;-&lt;span style=&quot;font-size: 1rem;&quot;&gt; Check-in a partir das 17h00 at\u00e9 20h00&lt;br&gt;- Check-out at\u00e9 \u00e0s 12h00&lt;br&gt;- Alojamento com ou sem regime de pequeno almo\u00e7o&lt;br&gt;- Limpeza e arruma\u00e7\u00e3o di\u00e1ria da casa n\u00e3o incluida&lt;br&gt;- Ber\u00e7o para beb\u00e9 com custo de 20,00\u20ac por estadia&lt;br&gt;- As casas da Videira e do Mondego podem ser reservadas por apenas 2 pessoas (sob consulta)&lt;br&gt;- Carnaval, P\u00e1scoa, Natal, Fim de Ano (sob consulta)&lt;br&gt;- Todos os pre\u00e7os j\u00e1 incluem IVA \u00e0 taxa em vigor&lt;br&gt;- Os pre\u00e7os indicados s\u00e3o por cada noite da estadia&lt;br&gt;- Estadia m\u00ednima de 2 noites&lt;br&gt;- Estadias prolongadas (sob consulta)&lt;br&gt;- N\u00e3o \u00e9 permitido fumar dentro das casas de campo&lt;br&gt;- O registo de todos os h\u00f3spedes \u00e9 obrigat\u00f3rio&lt;\/span&gt;&lt;br&gt;\" data-lang-en=\"&lt;span style=&quot;font-weight: 700;&quot;&gt;\u200b\u200bNotes:&lt;\/span&gt;&lt;br&gt;- Check-in from 5:00 pm to 8:00 pm&lt;br&gt;- Check-out until 12:00 pm&lt;br&gt;- Accommodation with or without breakfast&amp;nbsp;&lt;br&gt;- Daily cleaning and tidying of the house not included&lt;br&gt;- Baby cot - 20,00\u20ac&lt;br&gt;- Casas da Videira and do Mondego can be booked for just 2 people (upon request)&lt;br&gt;- Carnival, Easter, Christmas, New Year's Eve (upon request)&lt;br&gt;- All prices already include VAT at the current rate&lt;br&gt;- The prices indicated are for each night of the stay&lt;br&gt;- Minimum stay from 2 nights- Longer stays (on request)&lt;br&gt;- Smoking is not allowed inside the cottages&lt;br&gt;- Registration for all guests is required&lt;br&gt;\">\n          <span style=\"font-weight: 700;\">Observa\u00e7\u00f5es:<\/span>\n          <br>\n          <br>-<span style=\"font-size: 1rem;\"> Check-in a partir das 17h00 at\u00e9 20h00<br>- Check-out at\u00e9 \u00e0s 12h00<br>- Alojamento com ou sem regime de pequeno almo\u00e7o<br>- Limpeza e arruma\u00e7\u00e3o di\u00e1ria da casa n\u00e3o incluida<br>- Ber\u00e7o para beb\u00e9 com custo de 20,00\u20ac por estadia<br>- As casas da Videira e do Mondego podem ser reservadas por apenas 2 pessoas (sob consulta)<br>- Carnaval, P\u00e1scoa, Natal, Fim de Ano (sob consulta)<br>- Todos os pre\u00e7os j\u00e1 incluem IVA \u00e0 taxa em vigor<br>- Os pre\u00e7os indicados s\u00e3o por cada noite da estadia<br>- Estadia m\u00ednima de 2 noites<br>- Estadias prolongadas (sob consulta)<br>- N\u00e3o \u00e9 permitido fumar dentro das casas de campo<br>- O registo de todos os h\u00f3spedes \u00e9 obrigat\u00f3rio\n          <\/span>\n          <br>\n        <\/p>\n        <div class=\"u-align-center u-table u-table-responsive u-table-1\">\n          <table class=\"u-table-entity\">\n            <colgroup>\n              <col width=\"33.3%\">\n              <col width=\"33.3%\">\n              <col width=\"33.400000000000006%\">\n            <\/colgroup>\n            <thead class=\"u-palette-4-base u-table-header u-table-header-1\">\n              <tr style=\"height: 58px;\">\n                <th class=\"u-align-center u-border-1 u-border-palette-4-base u-table-cell\" data-lang-pt=\"ALOJAMENTO\" data-lang-en=\"\u200bACCOMMODATION\">ALOJAMENTO<\/th>\n                <th class=\"u-align-center u-border-1 u-border-palette-4-base u-table-cell\" data-lang-pt=\"TIPOLOGIA\" data-lang-en=\"\u200b\u200bTYPOLOGY\">TIPOLOGIA<\/th>\n                <th class=\"u-align-center u-border-1 u-border-palette-4-base u-table-cell\" data-lang-pt=\"ESTADIA P\/NOITE\" data-lang-en=\"\u200bSTAY FOR NIGHT\">ESTADIA P\/NOITE<\/th>\n              <\/tr>\n            <\/thead>\n            <tbody class=\"u-align-center u-table-body\">\n              <tr style=\"height: 59px;\">\n                <td class=\"u-border-3 u-border-grey-30 u-first-column u-grey-5 u-table-cell u-table-cell-4\" data-lang-pt=\"\u200bCasa da Oliveira\" data-lang-en=\"\u200bOlive tree house\"> Casa da Oliveira<\/td>\n                <td class=\"u-border-3 u-border-grey-30 u-table-cell u-table-cell-5\" data-lang-pt=\"\u200bT1 \u2013 2 pessoas\" data-lang-en=\"\u200b\u200bT1 \u2013 2 people\"> T1 \u2013 2 pessoas<\/td>\n                <td class=\"u-border-3 u-border-grey-30 u-table-cell u-table-cell-6\" data-lang-pt=\"95\u20ac\" data-lang-en=\"95\u20ac\">95\u20ac<\/td>\n              <\/tr>\n              <tr style=\"height: 59px;\">\n                <td class=\"u-border-3 u-border-grey-30 u-first-column u-grey-5 u-table-cell u-table-cell-7\" data-lang-pt=\"Casa do Mondego\" data-lang-en=\"\u200bMondego House\">Casa do Mondego<\/td>\n                <td class=\"u-border-3 u-border-grey-30 u-table-cell u-table-cell-8\" data-lang-pt=\"\u200bT2 \u2013 4 pessoas\" data-lang-en=\"\u200bT2 \u2013 4 people\"> T2 \u2013 4 pessoas<\/td>\n                <td class=\"u-border-3 u-border-grey-30 u-table-cell u-table-cell-9\" data-lang-pt=\"\u200b140 \u20ac\" data-lang-en=\"\u200b140 \u20ac\"> 140 \u20ac<\/td>\n              <\/tr>\n              <tr style=\"height: 59px;\">\n                <td class=\"u-border-3 u-border-grey-30 u-first-column u-grey-5 u-table-cell u-table-cell-10\" data-lang-pt=\"\u200bCasa da Videira\" data-lang-en=\"\u200b\u200bHouse of the Vine\"> Casa da Videira<\/td>\n                <td class=\"u-border-3 u-border-grey-30 u-table-cell u-table-cell-11\" data-lang-pt=\"\u200bT3 \u2013 6 pessoas\" data-lang-en=\"\u200bT3 \u2013 6 people\"> T3 \u2013 6 pessoas<\/td>\n                <td class=\"u-border-3 u-border-grey-30 u-table-cell u-table-cell-12\" data-lang-pt=\"\u200b210 \u20ac\" data-lang-en=\"\u200b210 \u20ac\"> 210 \u20ac<\/td>\n              <\/tr>\n            <\/tbody>\n          <\/table>\n        <\/div>\n        <p class=\"u-align-left u-large-text u-text u-text-variant u-text-3\" data-lang-pt=\"&lt;span style=&quot;font-weight: 700;&quot;&gt;\u200bCom regime de pequeno almo\u00e7o (self-catering) \u2013 acresce 10\u20ac\/pessoa aos valores do alojamento&lt;\/span&gt;&lt;br&gt;&lt;br&gt;Self-catering - disponibiliza\u00e7\u00e3o de alimentos para a confe\u00e7\u00e3o do pequeno-almo\u00e7o: leite, sumo, manteiga, doce, queijo,&amp;nbsp;fiambre, yogurtes, fruta, bolachas\/bolos secos, p\u00e3o, caf\u00e9, chocolate, ch\u00e1, a\u00e7ucar.&lt;br&gt;\" data-lang-en=\"&lt;span style=&quot;font-weight: 700;&quot;&gt;\u200b\u200b&lt;\/span&gt;&lt;span style=&quot;font-weight: 700;&quot;&gt;With breakfast (self-catering) \u2013 add 10\u20ac\/person to the accommodation prices&lt;\/span&gt;&lt;br&gt;&lt;br&gt;\u200bSelf-catering - provision of food for breakfast: milk, juice, butter, jam, cheese, ham, yogurt, fruit, biscuits\/dry cakes, bread, coffee, chocolate, tea, sugar.&lt;br&gt;\">\n          <span style=\"font-weight: 700;\"> Com regime de pequeno almo\u00e7o (self-catering) \u2013 acresce 10\u20ac\/pessoa aos valores do alojamento<\/span>\n          <br>\n          <br>Self-catering - disponibiliza\u00e7\u00e3o de alimentos para a confe\u00e7\u00e3o do pequeno-almo\u00e7o: leite, sumo, manteiga, doce, queijo,&nbsp;fiambre, yogurtes, fruta, bolachas\/bolos secos, p\u00e3o, caf\u00e9, chocolate, ch\u00e1, a\u00e7ucar.<br>\n        <\/p>\n        <p class=\"u-align-left u-large-text u-text u-text-variant u-text-4\" data-lang-pt=\"\u200bFA\u00c7A A SUA RESERVA ANTECIPADA E USUFRUA DA SEGUINTE CAMPANHA:&lt;br&gt;\" data-lang-en=\"\u200bMAKE YOUR EARLY RESERVATION AND ENJOY THE FOLLOWING CAMPAIGN:&lt;br&gt;\"> FA\u00c7A A SUA RESERVA ANTECIPADA E USUFRUA DA SEGUINTE CAMPANHA:<br>\n        <\/p>\n        <div class=\"u-align-center u-table u-table-responsive u-table-2\">\n          <table class=\"u-table-entity\">\n            <colgroup>\n              <col width=\"33.3%\">\n              <col width=\"33.3%\">\n              <col width=\"33.400000000000006%\">\n            <\/colgroup>\n            <thead class=\"u-palette-4-base u-table-header u-table-header-2\">\n              <tr style=\"height: 58px;\">\n                <th class=\"u-align-center u-border-1 u-border-palette-4-base u-table-cell\" data-lang-pt=\"ALOJAMENTO\" data-lang-en=\"\u200b\u200bACCOMMODATION\">ALOJAMENTO<\/th>\n                <th class=\"u-align-center u-border-1 u-border-palette-4-base u-table-cell\" data-lang-pt=\"TIPOLOGIA\" data-lang-en=\"\u200b\u200bTYPOLOGY\">TIPOLOGIA<\/th>\n                <th class=\"u-align-center u-border-1 u-border-palette-4-base u-table-cell\" data-lang-pt=\"ESTADIA P\/NOITE&lt;br&gt;(m\u00ednimo 3 noites)\" data-lang-en=\"\u200b\u200bSTAY FOR NIGHT&lt;br&gt;\u200b(minimum 3 nights)\">ESTADIA P\/NOITE<br>(m\u00ednimo 3 noites)\n                <\/th>\n              <\/tr>\n            <\/thead>\n            <tbody class=\"u-align-center u-table-body\">\n              <tr style=\"height: 59px;\">\n                <td class=\"u-border-3 u-border-grey-30 u-first-column u-grey-5 u-table-cell u-table-cell-16\" data-lang-pt=\"\u200bCasa da Oliveira\" data-lang-en=\"\u200b\u200bOlive tree house\"> Casa da Oliveira<\/td>\n                <td class=\"u-border-3 u-border-grey-30 u-table-cell u-table-cell-17\" data-lang-pt=\"\u200bT1 \u2013 2 pessoas\" data-lang-en=\"\u200b\u200bT1 \u2013 2 people\"> T1 \u2013 2 pessoas<\/td>\n                <td class=\"u-border-3 u-border-grey-30 u-table-cell u-table-cell-18\" data-lang-pt=\"\u200b85,50 \u20ac\" data-lang-en=\"\u200b85,50 \u20ac\"> 85,50 \u20ac<\/td>\n              <\/tr>\n              <tr style=\"height: 59px;\">\n                <td class=\"u-border-3 u-border-grey-30 u-first-column u-grey-5 u-table-cell u-table-cell-19\" data-lang-pt=\"Casa do Mondego\" data-lang-en=\"\u200b\u200bMondego House\">Casa do Mondego<\/td>\n                <td class=\"u-border-3 u-border-grey-30 u-table-cell u-table-cell-20\" data-lang-pt=\"\u200bT2 \u2013 4 pessoas\" data-lang-en=\"\u200b\u200bT2 \u2013 4 people\"> T2 \u2013 4 pessoas<\/td>\n                <td class=\"u-border-3 u-border-grey-30 u-table-cell u-table-cell-21\" data-lang-pt=\"\u200b126,00 \u20ac\" data-lang-en=\"\u200b126,00 \u20ac\"> 126,00 \u20ac<\/td>\n              <\/tr>\n              <tr style=\"height: 59px;\">\n                <td class=\"u-border-3 u-border-grey-30 u-first-column u-grey-5 u-table-cell u-table-cell-22\" data-lang-pt=\"\u200bCasa da Videira\" data-lang-en=\"\u200b\u200bHouse of the Vine\"> Casa da Videira<\/td>\n                <td class=\"u-border-3 u-border-grey-30 u-table-cell u-table-cell-23\" data-lang-pt=\"\u200bT3 \u2013 6 pessoas\" data-lang-en=\"\u200b\u200bT3 \u2013 6 people\"> T3 \u2013 6 pessoas<\/td>\n                <td class=\"u-border-3 u-border-grey-30 u-table-cell u-table-cell-24\" data-lang-pt=\"\u200b189,00 \u20ac\" data-lang-en=\"\u200b189,00 \u20ac\"> 189,00 \u20ac<\/td>\n              <\/tr>\n            <\/tbody>\n          <\/table>\n        <\/div>\n        <p class=\"u-align-left u-large-text u-text u-text-variant u-text-5\" data-lang-pt=\"&lt;span style=&quot;font-weight: 700;&quot;&gt;\u200b&lt;span style=&quot;font-weight: 700;&quot;&gt;\u200b&lt;\/span&gt;Condi\u00e7\u00f5es de reserva:&lt;\/span&gt;&lt;br&gt;- Sinaliza\u00e7\u00e3o de 30% aquando da reserva&lt;br&gt;- Restante pagamento efetuado no check-in&amp;nbsp;&lt;br&gt;&lt;br&gt;&lt;span style=&quot;font-weight: 700;&quot;&gt;Pagamentos:&lt;\/span&gt;&lt;br&gt;- Transfer\u00eancia banc\u00e1ria, cheque ou dinheiro&lt;br&gt;&lt;br&gt;Banco BPI&amp;nbsp;&lt;br&gt;NIB: 0010 0000 49409680001 07&lt;br&gt;IBAN: PT50 0010 0000 4940 9680 0010 7&lt;br&gt;SWIFT\/BIC: BBPIPTPL&amp;nbsp;&lt;br&gt;&lt;br&gt;&lt;span style=&quot;font-weight: 700;&quot;&gt;Condi\u00e7\u00f5es de cancelamento:&lt;\/span&gt;&lt;br&gt;- Menos de 3 dias do dia do check-in ou em caso de n\u00e3o compar\u00eancia o sinal n\u00e3o \u00e9 devolvido&amp;nbsp;&lt;br&gt;&lt;br&gt;&lt;span style=&quot;font-weight: 700;&quot;&gt;Registo Nacional de Turismo:&lt;\/span&gt;&lt;br&gt;Registos n\u00ba 5506, 5507 e 5508&lt;br&gt;\" data-lang-en=\"&lt;span style=&quot;font-weight: 700;&quot;&gt;\u200b&lt;span style=&quot;font-weight: 400;&quot;&gt;\u200b&lt;\/span&gt;&lt;\/span&gt;&lt;span style=&quot;font-weight: 700;&quot;&gt;Booking conditions:&lt;\/span&gt;&lt;br&gt;- 30% deposit upon booking&lt;br&gt;- Remaining payment made at check-in&lt;br&gt;&lt;br&gt;&lt;span style=&quot;font-weight: 700;&quot;&gt;\u200b&lt;\/span&gt;&lt;span style=&quot;font-weight: 700;&quot;&gt;Payments:&lt;br&gt;&lt;\/span&gt;- Bank transfer, check or cash&lt;br&gt;&lt;br&gt;&lt;span style=&quot;font-weight: 700;&quot;&gt;Banco BPI&amp;nbsp;&lt;\/span&gt;&lt;br&gt;NIB: 0010 0000 49409680001 07&lt;br&gt;IBAN: PT50 0010 0000 4940 9680 0010 7&lt;br&gt;SWIFT\/BIC: BBPIPTPL&amp;nbsp;&lt;br&gt;&lt;br&gt;&lt;span style=&quot;font-weight: 700;&quot;&gt;\u200b&lt;\/span&gt;&lt;span style=&quot;font-weight: 700;&quot;&gt;Cancellation conditions:&lt;\/span&gt;&lt;br&gt;- Less than 3 days from the day of check-in or in case of no-show, the deposit is not refunded&lt;br&gt;&lt;br&gt;&lt;span style=&quot;font-weight: 700;&quot;&gt;\u200b&lt;\/span&gt;&lt;span style=&quot;font-weight: 700;&quot;&gt;National Tourism Registry:&lt;\/span&gt;&lt;br&gt;\u200bRegistrations No. 5506, 5507 and 5508&lt;br&gt;\">\n          <span style=\"font-weight: 700;\">\n            <span style=\"font-weight: 700;\"><\/span>Condi\u00e7\u00f5es de reserva:\n          <\/span>\n          <br>- Sinaliza\u00e7\u00e3o de 30% aquando da reserva<br>- Restante pagamento efetuado no check-in&nbsp;<br>\n          <br>\n          <span style=\"font-weight: 700;\">Pagamentos:<\/span>\n          <br>- Transfer\u00eancia banc\u00e1ria, cheque ou dinheiro<br>\n          <br>Banco BPI&nbsp;<br>NIB: 0010 0000 49409680001 07<br>IBAN: PT50 0010 0000 4940 9680 0010 7<br>SWIFT\/BIC: BBPIPTPL&nbsp;<br>\n          <br>\n          <span style=\"font-weight: 700;\">Condi\u00e7\u00f5es de cancelamento:<\/span>\n          <br>- Menos de 3 dias do dia do check-in ou em caso de n\u00e3o compar\u00eancia o sinal n\u00e3o \u00e9 devolvido&nbsp;<br>\n          <br>\n          <span style=\"font-weight: 700;\">Registo Nacional de Turismo:<\/span>\n          <br>Registos n\u00ba 5506, 5507 e 5508<br>\n        <\/p>\n        <a href=\"https:\/\/www.casasdomondego.com\/site\/?lang=pt&amp;pagename=contacto\" class=\"u-btn u-btn-round u-button-style u-hover-palette-1-light-1 u-palette-1-base u-radius-50 u-btn-2\" data-lang-pt=\"{&quot;content&quot;:&quot;MAIS INFORMA\u00c7\u00d5ES&quot;,&quot;href&quot;:&quot;https:\/\/www.casasdomondego.com\/site\/?lang=pt&amp;pagename=contacto&quot;}\" data-lang-en=\"{&quot;content&quot;:&quot;\u200bMORE INFORMATION&quot;,&quot;href&quot;:&quot;https:\/\/www.casasdomondego.com\/site\/?lang=en&amp;pagename=contacto&quot;}\">MAIS INFORMA\u00c7\u00d5ES<\/a>\n      <\/div>\n    <\/section>\n    \n    \n    \n  \n","protected":false},"excerpt":{"rendered":"<p>Pre\u00e7os e Condi\u00e7\u00f5es Observa\u00e7\u00f5es: &#8211; Check-in a partir das 17h00 at\u00e9 20h00- Check-out at\u00e9 \u00e0s 12h00- Alojamento com ou sem regime de pequeno almo\u00e7o- Limpeza e arruma\u00e7\u00e3o di\u00e1ria da casa n\u00e3o incluida- Ber\u00e7o para beb\u00e9 com custo de 20,00\u20ac por estadia- As casas da Videira e do Mondego podem ser reservadas por apenas 2 pessoas &hellip; <a href=\"https:\/\/www.casasdomondego.com\/site\/precos\/\" class=\"more-link\">Continue reading<span class=\"screen-reader-text\"> &#8220;Pre\u00e7os&#8221;<\/span><\/a><\/p>\n","protected":false},"author":2,"featured_media":0,"parent":0,"menu_order":0,"comment_status":"closed","ping_status":"closed","template":"","meta":{"_monsterinsights_skip_tracking":false,"_monsterinsights_sitenote_active":false,"_monsterinsights_sitenote_note":"","_monsterinsights_sitenote_category":0,"footnotes":""},"class_list":["post-1195","page","type-page","status-publish","hentry"],"_links":{"self":[{"href":"https:\/\/www.casasdomondego.com\/site\/wp-json\/wp\/v2\/pages\/1195","targetHints":{"allow":["GET"]}}],"collection":[{"href":"https:\/\/www.casasdomondego.com\/site\/wp-json\/wp\/v2\/pages"}],"about":[{"href":"https:\/\/www.casasdomondego.com\/site\/wp-json\/wp\/v2\/types\/page"}],"author":[{"embeddable":true,"href":"https:\/\/www.casasdomondego.com\/site\/wp-json\/wp\/v2\/users\/2"}],"replies":[{"embeddable":true,"href":"https:\/\/www.casasdomondego.com\/site\/wp-json\/wp\/v2\/comments?post=1195"}],"version-history":[{"count":11,"href":"https:\/\/www.casasdomondego.com\/site\/wp-json\/wp\/v2\/pages\/1195\/revisions"}],"predecessor-version":[{"id":1680,"href":"https:\/\/www.casasdomondego.com\/site\/wp-json\/wp\/v2\/pages\/1195\/revisions\/1680"}],"wp:attachment":[{"href":"https:\/\/www.casasdomondego.com\/site\/wp-json\/wp\/v2\/media?parent=1195"}],"curies":[{"name":"wp","href":"https:\/\/api.w.org\/{rel}","templated":true}]}}