{"id":1598,"date":"2023-05-30T18:15:31","date_gmt":"2023-05-30T18:15:31","guid":{"rendered":"https:\/\/www.casasdomondego.com\/site\/?page_id=1598"},"modified":"2024-07-23T09:05:40","modified_gmt":"2024-07-23T09:05:40","slug":"casa-da-oliveira","status":"publish","type":"page","link":"https:\/\/www.casasdomondego.com\/site\/casa-da-oliveira\/","title":{"rendered":"Casa da Oliveira"},"content":{"rendered":"\n  \n    \n    <section class=\"u-clearfix u-container-align-center u-image u-section-2\" id=\"sec-a1e1\" data-image-width=\"1618\" data-image-height=\"1080\" style=\"background-image: url(&quot;https:\/\/www.casasdomondego.com\/site\/wp-content\/uploads\/2023\/05\/casas_mondego_casa_oliveira_T1_estar.jpg&quot;);\">\n      <div class=\"u-clearfix u-sheet u-sheet-1\"><\/div>\n    <\/section>\n    <section class=\"u-align-center u-clearfix u-grey-5 u-section-3\" id=\"sec-f057\">\n      <div class=\"u-clearfix u-sheet u-sheet-1\">\n        <h1 class=\"u-text u-text-default u-text-1\" data-lang-pt=\"Casa da Oliveira\" data-lang-en=\"Olive Tree House\">Casa da Oliveira<\/h1>\n        <p class=\"u-align-justify u-text u-text-2\" data-lang-pt=\"\u200bA Casa da Oliveira com elementos na tonalidade verde pretende valorizar um produto essencial e que \u00e9 t\u00e3o caracter\u00edstico do Vale do Mondego \u2013 o azeite. No seu interior h\u00e1 pormenores que destacam a colheita da azeitona e a produ\u00e7\u00e3o de azeite.\" data-lang-en=\"\u200bOlive Tree House, with elements in a green hue, intends to enhance an essential product that is so characteristic of the Mondego Valley \u2013 olive oil. Inside there are details that highlight the olive harvest and the production of olive oil.\"> A Casa da Oliveira com elementos na tonalidade verde pretende valorizar um produto essencial e que \u00e9 t\u00e3o caracter\u00edstico do Vale do Mondego \u2013 o azeite. No seu interior h\u00e1 pormenores que destacam a colheita da azeitona e a produ\u00e7\u00e3o de azeite.<\/p>\n        <p class=\"u-align-justify u-text u-text-3\" data-lang-pt=\"<span style=&quot;font-weight: 700;&quot; data-block-type=&quot;&quot;>\u200bTipologia T1<\/span><br>Constitu\u00edda por:<br>\u2013 Um quarto<br>\u2013 Sala de estar<br>\u2013 Kitchenette equipada (frigor\u00edfico, placa vitrocer\u00e2mica, forno, micro-ondas e torradeira)<br>\u200b- WC<br>Equipada com: Aquecimento central&amp;nbsp;<br>\u2013 Ar condicionado&amp;nbsp;<br>\u2013 Ventoinha&amp;nbsp;<br>\u2013 TV<br>\u2013 Secador de cabelo&amp;nbsp;<br>\u2013 Internet\" data-lang-en=\"<span style=&quot;font-weight: 700;&quot;>Typology T1<\/span><br>Consisting of: A bedroom<br>\u2013 Living room<br>\u2013 Equipped kitchenette (fridge, ceramic hob, oven, microwave and toaster)<br>\u200b- WC<br>Equipped with:<br>\u2013 Central Heating<br>\u200b\u2013 Air conditioning<br>\u2013 Fan&amp;nbsp;<br>\u2013 TV<br>\u2013 Hairdryer<br>\u2013 Internet\">\n          <span style=\"font-weight: 700;\"> Tipologia T1<\/span>\n          <br>Constitu\u00edda por:<br>\u2013 Um quarto<br>\u2013 Sala de estar<br>\u2013 Kitchenette equipada (frigor\u00edfico, placa vitrocer\u00e2mica, forno, micro-ondas e torradeira)<br> - WC<br>Equipada com: Aquecimento central&nbsp;<br>\u2013 Ar condicionado&nbsp;<br>\u2013 Ventoinha&nbsp;<br>\u2013 TV<br>\u2013 Secador de cabelo&nbsp;<br>\u2013 Internet\n        <\/p>\n      <\/div>\n    <\/section>\n    <section class=\"u-align-center u-clearfix u-section-4\" id=\"sec-9e28\">\n      <div class=\"u-clearfix u-sheet u-sheet-1\">\n        <div class=\"u-expanded-width u-gallery u-layout-grid u-lightbox u-show-text-on-hover u-gallery-1\">\n          <div class=\"u-gallery-inner u-gallery-inner-1\">\n            <div class=\"u-effect-fade u-gallery-item\">\n              <div class=\"u-back-slide\" data-image-width=\"1024\" data-image-height=\"684\">\n                <img decoding=\"async\" class=\"u-back-image u-expanded\" src=\"https:\/\/www.casasdomondego.com\/site\/wp-content\/uploads\/2023\/05\/NMS5346-1024x684.jpg\">\n              <\/div>\n              <div class=\"u-over-slide u-shading u-over-slide-1\"><\/div>\n            <\/div>\n            <div class=\"u-effect-fade u-gallery-item\">\n              <div class=\"u-back-slide\" data-image-width=\"1024\" data-image-height=\"684\">\n                <img decoding=\"async\" class=\"u-back-image u-expanded\" src=\"https:\/\/www.casasdomondego.com\/site\/wp-content\/uploads\/2023\/05\/NMS5358-1024x684.jpg\">\n              <\/div>\n              <div class=\"u-over-slide u-shading u-over-slide-2\"><\/div>\n            <\/div>\n            <div class=\"u-effect-fade u-gallery-item\">\n              <div class=\"u-back-slide\" data-image-width=\"1024\" data-image-height=\"684\">\n                <img decoding=\"async\" class=\"u-back-image u-expanded\" src=\"https:\/\/www.casasdomondego.com\/site\/wp-content\/uploads\/2023\/05\/NMS5353-1024x684.jpg\">\n              <\/div>\n              <div class=\"u-over-slide u-shading u-over-slide-3\"><\/div>\n            <\/div>\n            <div class=\"u-effect-fade u-gallery-item\">\n              <div class=\"u-back-slide\" data-image-width=\"1024\" data-image-height=\"684\">\n                <img decoding=\"async\" class=\"u-back-image u-expanded\" src=\"https:\/\/www.casasdomondego.com\/site\/wp-content\/uploads\/2023\/05\/NMS5393-1024x684.jpg\">\n              <\/div>\n              <div class=\"u-over-slide u-shading u-over-slide-4\"><\/div>\n            <\/div>\n            <div class=\"u-effect-fade u-gallery-item\">\n              <div class=\"u-back-slide\" data-image-width=\"1024\" data-image-height=\"684\">\n                <img decoding=\"async\" class=\"u-back-image u-expanded\" src=\"https:\/\/www.casasdomondego.com\/site\/wp-content\/uploads\/2023\/05\/NMS5395-1024x684.jpg\">\n              <\/div>\n              <div class=\"u-over-slide u-shading u-over-slide-5\"><\/div>\n            <\/div>\n            <div class=\"u-effect-fade u-gallery-item\">\n              <div class=\"u-back-slide\" data-image-width=\"1024\" data-image-height=\"684\">\n                <img decoding=\"async\" class=\"u-back-image u-expanded\" src=\"https:\/\/www.casasdomondego.com\/site\/wp-content\/uploads\/2023\/05\/NMS5365-1024x684.jpg\">\n              <\/div>\n              <div class=\"u-over-slide u-shading u-over-slide-6\"><\/div>\n            <\/div>\n            <div class=\"u-effect-fade u-gallery-item\">\n              <div class=\"u-back-slide\" data-image-width=\"1024\" data-image-height=\"684\">\n                <img decoding=\"async\" class=\"u-back-image u-expanded\" src=\"https:\/\/www.casasdomondego.com\/site\/wp-content\/uploads\/2023\/05\/NMS5373-1024x684.jpg\">\n              <\/div>\n              <div class=\"u-over-slide u-shading u-over-slide-7\"><\/div>\n            <\/div>\n            <div class=\"u-effect-fade u-gallery-item\">\n              <div class=\"u-back-slide\" data-image-width=\"1024\" data-image-height=\"684\">\n                <img decoding=\"async\" class=\"u-back-image u-expanded\" src=\"https:\/\/www.casasdomondego.com\/site\/wp-content\/uploads\/2023\/05\/NMS5375-1024x684.jpg\">\n              <\/div>\n              <div class=\"u-over-slide u-shading u-over-slide-8\"><\/div>\n            <\/div>\n            <div class=\"u-effect-fade u-gallery-item\">\n              <div class=\"u-back-slide\" data-image-width=\"1024\" data-image-height=\"684\">\n                <img decoding=\"async\" class=\"u-back-image u-expanded\" src=\"https:\/\/www.casasdomondego.com\/site\/wp-content\/uploads\/2023\/05\/NMS5325-1-1024x684.jpg\">\n              <\/div>\n              <div class=\"u-over-slide u-shading u-over-slide-9\"><\/div>\n            <\/div>\n          <\/div>\n        <\/div>\n      <\/div>\n    <\/section>\n    <section class=\"u-clearfix u-grey-5 u-section-5\" id=\"sec-f388\">\n      <div class=\"u-clearfix u-sheet u-sheet-1\">\n        <a href=\"https:\/\/www.casasdomondego.com\/site\/?lang=pt&amp;pagename=contacto\" class=\"u-btn u-btn-round u-button-style u-color-scheme-summer-time u-color-style-multicolor-1 u-hover-palette-1-dark-1 u-palette-1-base u-radius-21 u-btn-1\" data-lang-pt=\"{&quot;content&quot;:&quot;Reservar&quot;,&quot;href&quot;:&quot;https:\/\/www.casasdomondego.com\/site\/?lang=pt&amp;pagename=contacto&quot;}\" data-lang-en=\"{&quot;content&quot;:&quot;Booking&quot;,&quot;href&quot;:&quot;https:\/\/www.casasdomondego.com\/site\/?lang=en&amp;pagename=contacto&quot;}\">Reservar<\/a>\n        <p class=\"u-text u-text-1\" data-lang-pt=\"\u200bRegisto Nacional de Turismo: Registo n\u00ba 5507\" data-lang-en=\"\u200bNational Tourism Registry: Registration No. 5507\"> Registo Nacional de Turismo: Registo n\u00ba 5507<\/p>\n      <\/div>\n    <\/section>\n    \n    \n    \n  \n","protected":false},"excerpt":{"rendered":"<p>Casa da Oliveira A Casa da Oliveira com elementos na tonalidade verde pretende valorizar um produto essencial e que \u00e9 t\u00e3o caracter\u00edstico do Vale do Mondego \u2013 o azeite. No seu interior h\u00e1 pormenores que destacam a colheita da azeitona e a produ\u00e7\u00e3o de azeite. Tipologia T1 Constitu\u00edda por:\u2013 Um quarto\u2013 Sala de estar\u2013 Kitchenette &hellip; <a href=\"https:\/\/www.casasdomondego.com\/site\/casa-da-oliveira\/\" class=\"more-link\">Continue reading<span class=\"screen-reader-text\"> &#8220;Casa da Oliveira&#8221;<\/span><\/a><\/p>\n","protected":false},"author":1,"featured_media":0,"parent":0,"menu_order":0,"comment_status":"closed","ping_status":"closed","template":"","meta":{"_monsterinsights_skip_tracking":false,"_monsterinsights_sitenote_active":false,"_monsterinsights_sitenote_note":"","_monsterinsights_sitenote_category":0,"footnotes":""},"class_list":["post-1598","page","type-page","status-publish","hentry"],"_links":{"self":[{"href":"https:\/\/www.casasdomondego.com\/site\/wp-json\/wp\/v2\/pages\/1598","targetHints":{"allow":["GET"]}}],"collection":[{"href":"https:\/\/www.casasdomondego.com\/site\/wp-json\/wp\/v2\/pages"}],"about":[{"href":"https:\/\/www.casasdomondego.com\/site\/wp-json\/wp\/v2\/types\/page"}],"author":[{"embeddable":true,"href":"https:\/\/www.casasdomondego.com\/site\/wp-json\/wp\/v2\/users\/1"}],"replies":[{"embeddable":true,"href":"https:\/\/www.casasdomondego.com\/site\/wp-json\/wp\/v2\/comments?post=1598"}],"version-history":[{"count":9,"href":"https:\/\/www.casasdomondego.com\/site\/wp-json\/wp\/v2\/pages\/1598\/revisions"}],"predecessor-version":[{"id":1673,"href":"https:\/\/www.casasdomondego.com\/site\/wp-json\/wp\/v2\/pages\/1598\/revisions\/1673"}],"wp:attachment":[{"href":"https:\/\/www.casasdomondego.com\/site\/wp-json\/wp\/v2\/media?parent=1598"}],"curies":[{"name":"wp","href":"https:\/\/api.w.org\/{rel}","templated":true}]}}