{"id":1602,"date":"2023-05-30T18:13:28","date_gmt":"2023-05-30T18:13:28","guid":{"rendered":"https:\/\/www.casasdomondego.com\/site\/?page_id=1602"},"modified":"2024-07-23T08:58:48","modified_gmt":"2024-07-23T08:58:48","slug":"casa-da-videira","status":"publish","type":"page","link":"https:\/\/www.casasdomondego.com\/site\/casa-da-videira\/","title":{"rendered":"Casa da Videira"},"content":{"rendered":"\n  \n    \n    <section class=\"u-clearfix u-container-align-center u-image u-section-2\" id=\"sec-a1e1\" data-image-width=\"1618\" data-image-height=\"1080\" style=\"background-image: url(&quot;https:\/\/www.casasdomondego.com\/site\/wp-content\/uploads\/2023\/05\/casas_mondego_casa_videira_salaestar3.jpg&quot;);\">\n      <div class=\"u-clearfix u-sheet u-sheet-1\"><\/div>\n    <\/section>\n    <section class=\"u-align-center u-clearfix u-grey-5 u-section-3\" id=\"sec-f057\">\n      <div class=\"u-clearfix u-sheet u-sheet-1\">\n        <h1 class=\"u-text u-text-default u-text-1\" data-lang-pt=\"Casa da Videira\" data-lang-en=\"\u200bHouse of the Vine\">Casa da Videira<\/h1>\n        <p class=\"u-align-justify u-text u-text-2\" data-lang-pt=\"\u200bOs tons vermelhos da Casa da Videira remetem-nos para o Outono, altura de az\u00e1fama em volta das vindimas e produ\u00e7\u00e3o de vinho. Dentro da Casa os apontamentos, quer na sala quer nos quartos, sugerem-nos um convite ao conv\u00edvio e a um brinde com um copo de vinho.\" data-lang-en=\"\u200bThe red tones of House of the Vine take us back to Autumn, a time of hustle and bustle around the harvest and wine production. Inside the House, the notes, both in the living room and in the bedrooms, suggest an invitation to socializing and a toast with a glass of wine.\"> Os tons vermelhos da Casa da Videira remetem-nos para o Outono, altura de az\u00e1fama em volta das vindimas e produ\u00e7\u00e3o de vinho. Dentro da Casa os apontamentos, quer na sala quer nos quartos, sugerem-nos um convite ao conv\u00edvio e a um brinde com um copo de vinho.<\/p>\n        <p class=\"u-align-justify u-text u-text-3\" data-lang-pt=\"<span style=&quot;font-weight: 700;&quot; data-block-type=&quot;&quot;>\u200bTipologia T3<\/span><br>\u200bConstitu\u00edda por:<br>\u2013 Dois quartos c\/ WC comum<br>\u2013 Um quarto c\/ WC privativo<br>\u2013 Sala de estar<br>\u2013 Kitchenette equipada (frigor\u00edfico, placa vitrocer\u00e2mica, forno, micro-ondas e torradeira)<br>Equipada com:&amp;nbsp;<br>\u2013 Aquecimento central<br>\u2013 Ar condicionado<br>\u2013 Ventoinha<br>\u2013 TV<br>\u2013 Secador de cabelo<br>\u2013 Internet\" data-lang-en=\"<span style=&quot;font-weight: 700;&quot;>Typology T3<\/span><br>\u200b\u200bConsisting of:<br>\u2013 Two bedrooms with shared bathroom<br>\u2013 A room with private bathroom<br>\u2013 Living room<br>\u2013 Equipped kitchenette (fridge, ceramic hob, oven, microwave and toaster)<br>Equipped with:<br>\u2013 Central Heating<br>\u2013 Air conditioning<br>\u2013 Fan<br>\u2013 TV<br>\u2013 Hairdryer<br>\u2013 Internet\">\n          <span style=\"font-weight: 700;\"> Tipologia T3<\/span>\n          <br> Constitu\u00edda por:<br>\u2013 Dois quartos c\/ WC comum<br>\u2013 Um quarto c\/ WC privativo<br>\u2013 Sala de estar<br>\u2013 Kitchenette equipada (frigor\u00edfico, placa vitrocer\u00e2mica, forno, micro-ondas e torradeira)<br>Equipada com:&nbsp;<br>\u2013 Aquecimento central<br>\u2013 Ar condicionado<br>\u2013 Ventoinha<br>\u2013 TV<br>\u2013 Secador de cabelo<br>\u2013 Internet\n        <\/p>\n      <\/div>\n    <\/section>\n    <section class=\"u-align-center u-clearfix u-section-4\" id=\"sec-9e28\">\n      <div class=\"u-clearfix u-sheet u-sheet-1\">\n        <div class=\"u-expanded-width u-gallery u-layout-grid u-lightbox u-show-text-on-hover u-gallery-1\">\n          <div class=\"u-gallery-inner u-gallery-inner-1\">\n            <div class=\"u-effect-fade u-gallery-item\">\n              <div class=\"u-back-slide\" data-image-width=\"1024\" data-image-height=\"684\">\n                <img decoding=\"async\" class=\"u-back-image u-expanded\" src=\"https:\/\/www.casasdomondego.com\/site\/wp-content\/uploads\/2023\/05\/NMS5523-1024x684.jpg\">\n              <\/div>\n              <div class=\"u-over-slide u-shading u-over-slide-1\"><\/div>\n            <\/div>\n            <div class=\"u-effect-fade u-gallery-item\">\n              <div class=\"u-back-slide\" data-image-width=\"1024\" data-image-height=\"684\">\n                <img decoding=\"async\" class=\"u-back-image u-expanded\" src=\"https:\/\/www.casasdomondego.com\/site\/wp-content\/uploads\/2023\/05\/NMS5532-1024x684.jpg\">\n              <\/div>\n              <div class=\"u-over-slide u-shading u-over-slide-2\"><\/div>\n            <\/div>\n            <div class=\"u-effect-fade u-gallery-item\">\n              <div class=\"u-back-slide\" data-image-width=\"1024\" data-image-height=\"684\">\n                <img decoding=\"async\" class=\"u-back-image u-expanded\" src=\"https:\/\/www.casasdomondego.com\/site\/wp-content\/uploads\/2023\/05\/NMS5533-2-1024x684.jpg\">\n              <\/div>\n              <div class=\"u-over-slide u-shading u-over-slide-3\"><\/div>\n            <\/div>\n            <div class=\"u-effect-fade u-gallery-item\">\n              <div class=\"u-back-slide\" data-image-width=\"1024\" data-image-height=\"684\">\n                <img decoding=\"async\" class=\"u-back-image u-expanded\" src=\"https:\/\/www.casasdomondego.com\/site\/wp-content\/uploads\/2023\/05\/NMS5537-2-1024x684.jpg\">\n              <\/div>\n              <div class=\"u-over-slide u-shading u-over-slide-4\"><\/div>\n            <\/div>\n            <div class=\"u-effect-fade u-gallery-item\">\n              <div class=\"u-back-slide\" data-image-width=\"1024\" data-image-height=\"684\">\n                <img decoding=\"async\" class=\"u-back-image u-expanded\" src=\"https:\/\/www.casasdomondego.com\/site\/wp-content\/uploads\/2023\/05\/NMS5542-1024x684.jpg\">\n              <\/div>\n              <div class=\"u-over-slide u-shading u-over-slide-5\"><\/div>\n            <\/div>\n            <div class=\"u-effect-fade u-gallery-item\">\n              <div class=\"u-back-slide\" data-image-width=\"1024\" data-image-height=\"684\">\n                <img decoding=\"async\" class=\"u-back-image u-expanded\" src=\"https:\/\/www.casasdomondego.com\/site\/wp-content\/uploads\/2023\/05\/NMS5550-1024x684.jpg\">\n              <\/div>\n              <div class=\"u-over-slide u-shading u-over-slide-6\"><\/div>\n            <\/div>\n            <div class=\"u-effect-fade u-gallery-item\">\n              <div class=\"u-back-slide\" data-image-width=\"1024\" data-image-height=\"684\">\n                <img decoding=\"async\" class=\"u-back-image u-expanded\" src=\"https:\/\/www.casasdomondego.com\/site\/wp-content\/uploads\/2023\/05\/NMS5551-1024x684.jpg\">\n              <\/div>\n              <div class=\"u-over-slide u-shading u-over-slide-7\"><\/div>\n            <\/div>\n            <div class=\"u-effect-fade u-gallery-item\">\n              <div class=\"u-back-slide\" data-image-width=\"1024\" data-image-height=\"684\">\n                <img decoding=\"async\" class=\"u-back-image u-expanded\" src=\"https:\/\/www.casasdomondego.com\/site\/wp-content\/uploads\/2023\/05\/NMS5563-1024x684.jpg\">\n              <\/div>\n              <div class=\"u-over-slide u-shading u-over-slide-8\"><\/div>\n            <\/div>\n            <div class=\"u-effect-fade u-gallery-item\">\n              <div class=\"u-back-slide\" data-image-width=\"1024\" data-image-height=\"684\">\n                <img decoding=\"async\" class=\"u-back-image u-expanded\" src=\"https:\/\/www.casasdomondego.com\/site\/wp-content\/uploads\/2023\/05\/NMS5565-1024x684.jpg\">\n              <\/div>\n              <div class=\"u-over-slide u-shading u-over-slide-9\"><\/div>\n            <\/div>\n            <div class=\"u-effect-fade u-gallery-item\">\n              <div class=\"u-back-slide\" data-image-width=\"1024\" data-image-height=\"684\">\n                <img decoding=\"async\" class=\"u-back-image u-expanded\" src=\"https:\/\/www.casasdomondego.com\/site\/wp-content\/uploads\/2023\/05\/NMS5570-1024x684.jpg\">\n              <\/div>\n              <div class=\"u-over-slide u-shading u-over-slide-10\"><\/div>\n            <\/div>\n            <div class=\"u-effect-fade u-gallery-item\">\n              <div class=\"u-back-slide\" data-image-width=\"1024\" data-image-height=\"684\">\n                <img decoding=\"async\" class=\"u-back-image u-expanded\" src=\"https:\/\/www.casasdomondego.com\/site\/wp-content\/uploads\/2023\/05\/NMS5581-1024x684.jpg\">\n              <\/div>\n              <div class=\"u-over-slide u-shading u-over-slide-11\"><\/div>\n            <\/div>\n            <div class=\"u-effect-fade u-gallery-item\">\n              <div class=\"u-back-slide\" data-image-width=\"1024\" data-image-height=\"684\">\n                <img decoding=\"async\" class=\"u-back-image u-expanded\" src=\"https:\/\/www.casasdomondego.com\/site\/wp-content\/uploads\/2023\/05\/NMS5590-1024x684.jpg\">\n              <\/div>\n              <div class=\"u-over-slide u-shading u-over-slide-12\"><\/div>\n            <\/div>\n            <div class=\"u-effect-fade u-gallery-item\">\n              <div class=\"u-back-slide\" data-image-width=\"1024\" data-image-height=\"684\">\n                <img decoding=\"async\" class=\"u-back-image u-expanded\" src=\"https:\/\/www.casasdomondego.com\/site\/wp-content\/uploads\/2023\/05\/NMS5594-1024x684.jpg\">\n              <\/div>\n              <div class=\"u-over-slide u-shading u-over-slide-13\"><\/div>\n            <\/div>\n            <div class=\"u-effect-fade u-gallery-item\">\n              <div class=\"u-back-slide\" data-image-width=\"1024\" data-image-height=\"684\">\n                <img decoding=\"async\" class=\"u-back-image u-expanded\" src=\"https:\/\/www.casasdomondego.com\/site\/wp-content\/uploads\/2023\/05\/NMS5610-1024x684.jpg\">\n              <\/div>\n              <div class=\"u-over-slide u-shading u-over-slide-14\"><\/div>\n            <\/div>\n            <div class=\"u-effect-fade u-gallery-item\">\n              <div class=\"u-back-slide\" data-image-width=\"1024\" data-image-height=\"684\">\n                <img decoding=\"async\" class=\"u-back-image u-expanded\" src=\"https:\/\/www.casasdomondego.com\/site\/wp-content\/uploads\/2023\/05\/NMS5614-1024x684.jpg\">\n              <\/div>\n              <div class=\"u-over-slide u-shading u-over-slide-15\"><\/div>\n            <\/div>\n          <\/div>\n        <\/div>\n        <div class=\"u-expanded-width u-gallery u-layout-grid u-lightbox u-show-text-on-hover u-gallery-2\">\n          <div class=\"u-gallery-inner u-gallery-inner-2\">\n            <div class=\"u-effect-fade u-gallery-item\">\n              <div class=\"u-back-slide\" data-image-width=\"1024\" data-image-height=\"684\">\n                <img decoding=\"async\" class=\"u-back-image u-expanded\" src=\"https:\/\/www.casasdomondego.com\/site\/wp-content\/uploads\/2023\/05\/NMS5623-1024x684.jpg\">\n              <\/div>\n              <div class=\"u-over-slide u-shading u-over-slide-16\"><\/div>\n            <\/div>\n            <div class=\"u-effect-fade u-gallery-item\">\n              <div class=\"u-back-slide\" data-image-width=\"1024\" data-image-height=\"684\">\n                <img decoding=\"async\" class=\"u-back-image u-expanded\" src=\"https:\/\/www.casasdomondego.com\/site\/wp-content\/uploads\/2023\/05\/NMS5625-1024x684.jpg\">\n              <\/div>\n              <div class=\"u-over-slide u-shading u-over-slide-17\"><\/div>\n            <\/div>\n            <div class=\"u-effect-fade u-gallery-item\">\n              <div class=\"u-back-slide\" data-image-width=\"1024\" data-image-height=\"684\">\n                <img decoding=\"async\" class=\"u-back-image u-expanded\" src=\"https:\/\/www.casasdomondego.com\/site\/wp-content\/uploads\/2023\/05\/NMS5628-1024x684.jpg\">\n              <\/div>\n              <div class=\"u-over-slide u-shading u-over-slide-18\"><\/div>\n            <\/div>\n          <\/div>\n        <\/div>\n      <\/div>\n    <\/section>\n    <section class=\"u-align-center u-clearfix u-section-5\" id=\"carousel_d574\">\n      <div class=\"u-clearfix u-sheet u-sheet-1\"><\/div>\n    <\/section>\n    <section class=\"u-clearfix u-grey-5 u-section-6\" id=\"sec-f388\">\n      <div class=\"u-clearfix u-sheet u-sheet-1\">\n        <a href=\"https:\/\/www.casasdomondego.com\/site\/?lang=pt&amp;pagename=contacto\" class=\"u-btn u-btn-round u-button-style u-color-scheme-summer-time u-color-style-multicolor-1 u-hover-palette-1-dark-1 u-palette-1-base u-radius-21 u-btn-1\" data-lang-pt=\"{&quot;content&quot;:&quot;Reservar&quot;,&quot;href&quot;:&quot;https:\/\/www.casasdomondego.com\/site\/?lang=pt&amp;pagename=contacto&quot;}\" data-lang-en=\"{&quot;content&quot;:&quot;Booking&quot;,&quot;href&quot;:&quot;https:\/\/www.casasdomondego.com\/site\/?lang=en&amp;pagename=contacto&quot;}\">Reservar<\/a>\n        <p class=\"u-text u-text-1\" data-lang-pt=\"\u200bRegisto Nacional de Turismo: Registo n\u00ba 5507\" data-lang-en=\"\u200bNational Tourism Registry: Registration No. 5507\"> Registo Nacional de Turismo: Registo n\u00ba 5508<\/p>\n      <\/div>\n    <\/section>\n    \n    \n    \n  \n","protected":false},"excerpt":{"rendered":"<p>Casa da Videira Os tons vermelhos da Casa da Videira remetem-nos para o Outono, altura de az\u00e1fama em volta das vindimas e produ\u00e7\u00e3o de vinho. Dentro da Casa os apontamentos, quer na sala quer nos quartos, sugerem-nos um convite ao conv\u00edvio e a um brinde com um copo de vinho. Tipologia T3 Constitu\u00edda por:\u2013 Dois &hellip; <a href=\"https:\/\/www.casasdomondego.com\/site\/casa-da-videira\/\" class=\"more-link\">Continue reading<span class=\"screen-reader-text\"> &#8220;Casa da Videira&#8221;<\/span><\/a><\/p>\n","protected":false},"author":1,"featured_media":0,"parent":0,"menu_order":0,"comment_status":"closed","ping_status":"closed","template":"","meta":{"_monsterinsights_skip_tracking":false,"_monsterinsights_sitenote_active":false,"_monsterinsights_sitenote_note":"","_monsterinsights_sitenote_category":0,"footnotes":""},"class_list":["post-1602","page","type-page","status-publish","hentry"],"_links":{"self":[{"href":"https:\/\/www.casasdomondego.com\/site\/wp-json\/wp\/v2\/pages\/1602","targetHints":{"allow":["GET"]}}],"collection":[{"href":"https:\/\/www.casasdomondego.com\/site\/wp-json\/wp\/v2\/pages"}],"about":[{"href":"https:\/\/www.casasdomondego.com\/site\/wp-json\/wp\/v2\/types\/page"}],"author":[{"embeddable":true,"href":"https:\/\/www.casasdomondego.com\/site\/wp-json\/wp\/v2\/users\/1"}],"replies":[{"embeddable":true,"href":"https:\/\/www.casasdomondego.com\/site\/wp-json\/wp\/v2\/comments?post=1602"}],"version-history":[{"count":11,"href":"https:\/\/www.casasdomondego.com\/site\/wp-json\/wp\/v2\/pages\/1602\/revisions"}],"predecessor-version":[{"id":1672,"href":"https:\/\/www.casasdomondego.com\/site\/wp-json\/wp\/v2\/pages\/1602\/revisions\/1672"}],"wp:attachment":[{"href":"https:\/\/www.casasdomondego.com\/site\/wp-json\/wp\/v2\/media?parent=1602"}],"curies":[{"name":"wp","href":"https:\/\/api.w.org\/{rel}","templated":true}]}}