{"id":1607,"date":"2023-05-30T18:16:13","date_gmt":"2023-05-30T18:16:13","guid":{"rendered":"https:\/\/www.casasdomondego.com\/site\/?page_id=1607"},"modified":"2024-07-23T08:49:28","modified_gmt":"2024-07-23T08:49:28","slug":"casa-do-mondego","status":"publish","type":"page","link":"https:\/\/www.casasdomondego.com\/site\/casa-do-mondego\/","title":{"rendered":"Casa do Mondego"},"content":{"rendered":"\n  \n    \n    <section class=\"u-clearfix u-container-align-center u-image u-section-2\" id=\"sec-a1e1\" data-image-width=\"1618\" data-image-height=\"1080\" style=\"background-image: url(&quot;https:\/\/www.casasdomondego.com\/site\/wp-content\/uploads\/2023\/05\/casas_mondego_casa_mondeo_T2_cozinha_sala.jpg&quot;);\">\n      <div class=\"u-clearfix u-sheet u-sheet-1\"><\/div>\n    <\/section>\n    <section class=\"u-align-center u-clearfix u-grey-5 u-section-3\" id=\"sec-f057\">\n      <div class=\"u-clearfix u-sheet u-sheet-1\">\n        <h1 class=\"u-text u-text-default u-text-1\" data-lang-pt=\"Casa do Mondego\" data-lang-en=\"Mondego House\">Casa do Mondego<\/h1>\n        <p class=\"u-align-justify u-text u-text-2\" data-lang-pt=\"\u200bA Casa do Mondego exibe o que de belo existe no Vale do Mondego \u2013 a natureza: o sol, a serra e as esp\u00e9cies cineg\u00e9ticas. A tranquilidade do amarelo nos quartos e do hall associa-se \u00e0 apicultura e \u00e0 produ\u00e7\u00e3o de mel. O pormenor da sala de estar ao sossego do amanhecer e do p\u00f4r-do-sol. O cinzento \u00e0 busca do selvagem.\" data-lang-en=\"\u200bMondego House displays what is beautiful in the Mondego Valley \u2013 nature: the sun, the mountains and game species. The tranquility of yellow in the rooms and hall is associated with beekeeping and honey production. The detail of the living room at sunrise and sunset. The gray in search of the wild.\"> A Casa do Mondego exibe o que de belo existe no Vale do Mondego \u2013 a natureza: o sol, a serra e as esp\u00e9cies cineg\u00e9ticas. A tranquilidade do amarelo nos quartos e do hall associa-se \u00e0 apicultura e \u00e0 produ\u00e7\u00e3o de mel. O pormenor da sala de estar ao sossego do amanhecer e do p\u00f4r-do-sol. O cinzento \u00e0 busca do selvagem.<\/p>\n        <p class=\"u-align-justify u-text u-text-3\" data-lang-pt=\"<span style=&quot;font-weight: 700;&quot; data-block-type=&quot;&quot;>\u200bTipologia T2<\/span><br>\u200bConstitu\u00edda por:<br>\u2013 Dois quartos c\/ WC comum<br>\u2013 Sala de estar\/jantar&amp;nbsp;<br>\u2013 Kitchenette equipada (frigorifico, placa vitrocer\u00e2mica, forno, micro-ondas e torradeira)&amp;nbsp;<br>Equipada com: \/&amp;nbsp;Equipped with:<br>\u2013 Aquecimento central<br>\u2013 Ar condicionado&amp;nbsp;<br>\u2013 Ventoinha<br>\u2013 TV<br>\u2013 Secador de cabelo<br>\u2013 Internet\" data-lang-en=\"<span style=&quot;font-weight: 700;&quot;>Typology T2<\/span><br>\u200b\u200bConsisting of:<br>\u2013 Two bedrooms with shared bathroom<br>\u2013 A room with private bathroom<br>\u2013 Living room<br>\u2013 Equipped kitchenette (fridge, ceramic hob, oven, microwave and toaster)<br>Equipped with:<br>\u2013 Central Heating<br>\u2013 Air conditioning<br>\u2013 Fan<br>\u2013 TV<br>\u2013 Hairdryer<br>\u2013 Internet\">\n          <span style=\"font-weight: 700;\"> Tipologia T2<\/span>\n          <br> Constitu\u00edda por:<br>\u2013 Dois quartos c\/ WC comum<br>\u2013 Sala de estar\/jantar&nbsp;<br>\u2013 Kitchenette equipada (frigorifico, placa vitrocer\u00e2mica, forno, micro-ondas e torradeira)&nbsp;<br>Equipada com: \/&nbsp;Equipped with:<br>\u2013 Aquecimento central<br>\u2013 Ar condicionado&nbsp;<br>\u2013 Ventoinha<br>\u2013 TV<br>\u2013 Secador de cabelo<br>\u2013 Internet\n        <\/p>\n      <\/div>\n    <\/section>\n    <section class=\"u-align-center u-clearfix u-section-4\" id=\"sec-9e28\">\n      <div class=\"u-clearfix u-sheet u-sheet-1\">\n        <div class=\"u-expanded-width u-gallery u-layout-grid u-lightbox u-show-text-on-hover u-gallery-1\">\n          <div class=\"u-gallery-inner u-gallery-inner-1\">\n            <div class=\"u-effect-fade u-gallery-item\">\n              <div class=\"u-back-slide\" data-image-width=\"1024\" data-image-height=\"684\">\n                <img decoding=\"async\" class=\"u-back-image u-expanded\" src=\"https:\/\/www.casasdomondego.com\/site\/wp-content\/uploads\/2023\/05\/NMS5432-1024x684.jpg\">\n              <\/div>\n              <div class=\"u-over-slide u-shading u-over-slide-1\"><\/div>\n            <\/div>\n            <div class=\"u-effect-fade u-gallery-item\">\n              <div class=\"u-back-slide\" data-image-width=\"1024\" data-image-height=\"684\">\n                <img decoding=\"async\" class=\"u-back-image u-expanded\" src=\"https:\/\/www.casasdomondego.com\/site\/wp-content\/uploads\/2023\/05\/NMS5433-1024x684.jpg\">\n              <\/div>\n              <div class=\"u-over-slide u-shading u-over-slide-2\"><\/div>\n            <\/div>\n            <div class=\"u-effect-fade u-gallery-item\">\n              <div class=\"u-back-slide\" data-image-width=\"1024\" data-image-height=\"684\">\n                <img decoding=\"async\" class=\"u-back-image u-expanded\" src=\"https:\/\/www.casasdomondego.com\/site\/wp-content\/uploads\/2023\/05\/NMS5436-1024x684.jpg\">\n              <\/div>\n              <div class=\"u-over-slide u-shading u-over-slide-3\"><\/div>\n            <\/div>\n            <div class=\"u-effect-fade u-gallery-item\">\n              <div class=\"u-back-slide\" data-image-width=\"1024\" data-image-height=\"684\">\n                <img decoding=\"async\" class=\"u-back-image u-expanded\" src=\"https:\/\/www.casasdomondego.com\/site\/wp-content\/uploads\/2023\/05\/NMS5439-1024x684.jpg\">\n              <\/div>\n              <div class=\"u-over-slide u-shading u-over-slide-4\"><\/div>\n            <\/div>\n            <div class=\"u-effect-fade u-gallery-item\">\n              <div class=\"u-back-slide\" data-image-width=\"1024\" data-image-height=\"684\">\n                <img decoding=\"async\" class=\"u-back-image u-expanded\" src=\"https:\/\/www.casasdomondego.com\/site\/wp-content\/uploads\/2023\/05\/NMS5440-1024x684.jpg\">\n              <\/div>\n              <div class=\"u-over-slide u-shading u-over-slide-5\"><\/div>\n            <\/div>\n            <div class=\"u-effect-fade u-gallery-item\">\n              <div class=\"u-back-slide\" data-image-width=\"1024\" data-image-height=\"684\">\n                <img decoding=\"async\" class=\"u-back-image u-expanded\" src=\"https:\/\/www.casasdomondego.com\/site\/wp-content\/uploads\/2023\/05\/NMS5446-1024x684.jpg\">\n              <\/div>\n              <div class=\"u-over-slide u-shading u-over-slide-6\"><\/div>\n            <\/div>\n            <div class=\"u-effect-fade u-gallery-item\">\n              <div class=\"u-back-slide\" data-image-width=\"1024\" data-image-height=\"684\">\n                <img decoding=\"async\" class=\"u-back-image u-expanded\" src=\"https:\/\/www.casasdomondego.com\/site\/wp-content\/uploads\/2023\/05\/NMS5449-1024x684.jpg\">\n              <\/div>\n              <div class=\"u-over-slide u-shading u-over-slide-7\"><\/div>\n            <\/div>\n            <div class=\"u-effect-fade u-gallery-item\">\n              <div class=\"u-back-slide\" data-image-width=\"1024\" data-image-height=\"684\">\n                <img decoding=\"async\" class=\"u-back-image u-expanded\" src=\"https:\/\/www.casasdomondego.com\/site\/wp-content\/uploads\/2023\/05\/NMS5459-1024x684.jpg\">\n              <\/div>\n              <div class=\"u-over-slide u-shading u-over-slide-8\"><\/div>\n            <\/div>\n            <div class=\"u-effect-fade u-gallery-item\">\n              <div class=\"u-back-slide\" data-image-width=\"1024\" data-image-height=\"684\">\n                <img decoding=\"async\" class=\"u-back-image u-expanded\" src=\"https:\/\/www.casasdomondego.com\/site\/wp-content\/uploads\/2023\/05\/NMS5465-1024x684.jpg\">\n              <\/div>\n              <div class=\"u-over-slide u-shading u-over-slide-9\"><\/div>\n            <\/div>\n            <div class=\"u-effect-fade u-gallery-item\">\n              <div class=\"u-back-slide\" data-image-width=\"1024\" data-image-height=\"684\">\n                <img decoding=\"async\" class=\"u-back-image u-expanded\" src=\"https:\/\/www.casasdomondego.com\/site\/wp-content\/uploads\/2023\/05\/NMS5470-1024x684.jpg\">\n              <\/div>\n              <div class=\"u-over-slide u-shading u-over-slide-10\"><\/div>\n            <\/div>\n            <div class=\"u-effect-fade u-gallery-item\">\n              <div class=\"u-back-slide\" data-image-width=\"1024\" data-image-height=\"684\">\n                <img decoding=\"async\" class=\"u-back-image u-expanded\" src=\"https:\/\/www.casasdomondego.com\/site\/wp-content\/uploads\/2023\/05\/NMS5481-1024x684.jpg\">\n              <\/div>\n              <div class=\"u-over-slide u-shading u-over-slide-11\"><\/div>\n            <\/div>\n            <div class=\"u-effect-fade u-gallery-item\">\n              <div class=\"u-back-slide\" data-image-width=\"1024\" data-image-height=\"684\">\n                <img decoding=\"async\" class=\"u-back-image u-expanded\" src=\"https:\/\/www.casasdomondego.com\/site\/wp-content\/uploads\/2023\/05\/NMS5500-1024x684.jpg\">\n              <\/div>\n              <div class=\"u-over-slide u-shading u-over-slide-12\"><\/div>\n            <\/div>\n            <div class=\"u-effect-fade u-gallery-item\">\n              <div class=\"u-back-slide\" data-image-width=\"1024\" data-image-height=\"684\">\n                <img decoding=\"async\" class=\"u-back-image u-expanded\" src=\"https:\/\/www.casasdomondego.com\/site\/wp-content\/uploads\/2023\/05\/NMS5505-1024x684.jpg\">\n              <\/div>\n              <div class=\"u-over-slide u-shading u-over-slide-13\"><\/div>\n            <\/div>\n            <div class=\"u-effect-fade u-gallery-item\">\n              <div class=\"u-back-slide\" data-image-width=\"1024\" data-image-height=\"684\">\n                <img decoding=\"async\" class=\"u-back-image u-expanded\" src=\"https:\/\/www.casasdomondego.com\/site\/wp-content\/uploads\/2023\/05\/NMS5508-1024x684.jpg\">\n              <\/div>\n              <div class=\"u-over-slide u-shading u-over-slide-14\"><\/div>\n            <\/div>\n            <div class=\"u-effect-fade u-gallery-item\">\n              <div class=\"u-back-slide\" data-image-width=\"1024\" data-image-height=\"684\">\n                <img decoding=\"async\" class=\"u-back-image u-expanded\" src=\"https:\/\/www.casasdomondego.com\/site\/wp-content\/uploads\/2023\/05\/NMS5519-1024x684.jpg\">\n              <\/div>\n              <div class=\"u-over-slide u-shading u-over-slide-15\"><\/div>\n            <\/div>\n          <\/div>\n        <\/div>\n      <\/div>\n    <\/section>\n    <section class=\"u-clearfix u-grey-5 u-section-5\" id=\"sec-f388\">\n      <div class=\"u-clearfix u-sheet u-sheet-1\">\n        <a href=\"https:\/\/www.casasdomondego.com\/site\/?lang=pt&amp;pagename=contacto\" class=\"u-btn u-btn-round u-button-style u-color-scheme-summer-time u-color-style-multicolor-1 u-hover-palette-1-dark-1 u-palette-1-base u-radius-21 u-btn-1\" data-lang-pt=\"{&quot;content&quot;:&quot;Reservar&quot;,&quot;href&quot;:&quot;https:\/\/www.casasdomondego.com\/site\/?lang=pt&amp;pagename=contacto&quot;}\" data-lang-en=\"{&quot;content&quot;:&quot;Booking&quot;,&quot;href&quot;:&quot;https:\/\/www.casasdomondego.com\/site\/?lang=en&amp;pagename=contacto&quot;}\">Reservar<\/a>\n        <p class=\"u-text u-text-1\" data-lang-pt=\"\u200bRegisto Nacional de Turismo: Registo n\u00ba 5507\" data-lang-en=\"\u200bNational Tourism Registry: Registration No. 5507\"> Registo Nacional de Turismo: Registo n\u00ba 5506<\/p>\n      <\/div>\n    <\/section>\n    \n    \n    \n  \n","protected":false},"excerpt":{"rendered":"<p>Casa do Mondego A Casa do Mondego exibe o que de belo existe no Vale do Mondego \u2013 a natureza: o sol, a serra e as esp\u00e9cies cineg\u00e9ticas. A tranquilidade do amarelo nos quartos e do hall associa-se \u00e0 apicultura e \u00e0 produ\u00e7\u00e3o de mel. O pormenor da sala de estar ao sossego do amanhecer &hellip; <a href=\"https:\/\/www.casasdomondego.com\/site\/casa-do-mondego\/\" class=\"more-link\">Continue reading<span class=\"screen-reader-text\"> &#8220;Casa do Mondego&#8221;<\/span><\/a><\/p>\n","protected":false},"author":1,"featured_media":0,"parent":0,"menu_order":0,"comment_status":"closed","ping_status":"closed","template":"","meta":{"_monsterinsights_skip_tracking":false,"_monsterinsights_sitenote_active":false,"_monsterinsights_sitenote_note":"","_monsterinsights_sitenote_category":0,"footnotes":""},"class_list":["post-1607","page","type-page","status-publish","hentry"],"_links":{"self":[{"href":"https:\/\/www.casasdomondego.com\/site\/wp-json\/wp\/v2\/pages\/1607","targetHints":{"allow":["GET"]}}],"collection":[{"href":"https:\/\/www.casasdomondego.com\/site\/wp-json\/wp\/v2\/pages"}],"about":[{"href":"https:\/\/www.casasdomondego.com\/site\/wp-json\/wp\/v2\/types\/page"}],"author":[{"embeddable":true,"href":"https:\/\/www.casasdomondego.com\/site\/wp-json\/wp\/v2\/users\/1"}],"replies":[{"embeddable":true,"href":"https:\/\/www.casasdomondego.com\/site\/wp-json\/wp\/v2\/comments?post=1607"}],"version-history":[{"count":10,"href":"https:\/\/www.casasdomondego.com\/site\/wp-json\/wp\/v2\/pages\/1607\/revisions"}],"predecessor-version":[{"id":1668,"href":"https:\/\/www.casasdomondego.com\/site\/wp-json\/wp\/v2\/pages\/1607\/revisions\/1668"}],"wp:attachment":[{"href":"https:\/\/www.casasdomondego.com\/site\/wp-json\/wp\/v2\/media?parent=1607"}],"curies":[{"name":"wp","href":"https:\/\/api.w.org\/{rel}","templated":true}]}}