{"id":645,"date":"2023-05-03T08:18:12","date_gmt":"2023-05-03T08:18:12","guid":{"rendered":"https:\/\/casasdomondego.com\/site01\/?page_id=645"},"modified":"2023-05-30T22:15:08","modified_gmt":"2023-05-30T22:15:08","slug":"arte-e-cultura","status":"publish","type":"page","link":"https:\/\/www.casasdomondego.com\/site\/arte-e-cultura\/","title":{"rendered":"Arte e Cultura"},"content":{"rendered":"\n  \n    \n    <section class=\"u-align-left u-clearfix u-grey-5 u-section-2\" id=\"carousel_f659\">\n      <div class=\"u-clearfix u-sheet u-sheet-1\">\n        <h2 class=\"u-align-center u-text u-text-palette-1-base u-text-1\" data-lang-pt=\"Arte e Cultura\" data-lang-en=\"\u200bArt and Culture\">Arte e Cultura<\/h2>\n        <div class=\"u-expanded-width u-gallery u-layout-grid u-lightbox u-show-text-on-hover u-gallery-1\">\n          <div class=\"u-gallery-inner u-gallery-inner-1\">\n            <div class=\"u-effect-fade u-gallery-item\">\n              <div class=\"u-back-slide\" data-image-width=\"420\" data-image-height=\"315\">\n                <img decoding=\"async\" class=\"u-back-image u-expanded\" src=\"https:\/\/www.casasdomondego.com\/site\/wp-content\/uploads\/2023\/05\/museu_pao.jpg\" alt=\"MUSEU DO P\u00c3O\">\n              <\/div>\n              <div class=\"u-over-slide u-shading u-over-slide-1\">\n                <h3 class=\"u-gallery-heading\" data-lang-pt=\"MUSEU DO P\u00c3O\" data-lang-en=\"BREAD MUSEUM\">MUSEU DO P\u00c3O<\/h3>\n                <p class=\"u-gallery-text\" style=\"margin-top: 0px;\" data-lang-pt=\"Seia\" data-lang-en=\"Seia\">Seia<\/p>\n              <\/div>\n            <\/div>\n            <div class=\"u-effect-fade u-gallery-item\">\n              <div class=\"u-back-slide\" data-image-width=\"420\" data-image-height=\"315\">\n                <img decoding=\"async\" class=\"u-back-image u-expanded\" src=\"https:\/\/www.casasdomondego.com\/site\/wp-content\/uploads\/2023\/05\/museu_brinquedo.jpg\" alt=\"MUSEU DO BRINQUEDO\">\n              <\/div>\n              <div class=\"u-over-slide u-shading u-over-slide-2\">\n                <h3 class=\"u-gallery-heading\" data-lang-pt=\"MUSEU DO BRINQUEDO\" data-lang-en=\"TOY MUSEUM \">MUSEU DO BRINQUEDO<\/h3>\n                <p class=\"u-gallery-text\" style=\"margin-top: 0px;\" data-lang-pt=\"Seia\" data-lang-en=\"Seia\">Seia<\/p>\n              <\/div>\n            <\/div>\n            <div class=\"u-effect-fade u-gallery-item\">\n              <div class=\"u-back-slide\" data-image-width=\"420\" data-image-height=\"315\">\n                <img decoding=\"async\" class=\"u-back-image u-expanded\" src=\"https:\/\/www.casasdomondego.com\/site\/wp-content\/uploads\/2023\/05\/Se_da_Guarda.jpg\" alt=\"S\u00c9-CATEDRAL GUARDA\">\n              <\/div>\n              <div class=\"u-over-slide u-shading u-over-slide-3\">\n                <h3 class=\"u-gallery-heading\" data-lang-pt=\"S\u00c9-CATEDRAL GUARDA\" data-lang-en=\"GUARD SEE-CATHEDRAL\">S\u00c9-CATEDRAL GUARDA<\/h3>\n                <p class=\"u-gallery-text\" style=\"margin-top: 0px;\" data-lang-pt=\"Guarda\" data-lang-en=\"Guarda\">Guarda<\/p>\n              <\/div>\n            <\/div>\n            <div class=\"u-effect-fade u-gallery-item\">\n              <div class=\"u-back-slide\" data-image-width=\"472\" data-image-height=\"315\">\n                <img decoding=\"async\" class=\"u-back-image u-expanded\" src=\"https:\/\/www.casasdomondego.com\/site\/wp-content\/uploads\/2023\/05\/TMG-Guarda.jpg\" alt=\"TEATRO MUNICIPAL DA GUARDA\">\n              <\/div>\n              <div class=\"u-over-slide u-shading u-over-slide-4\">\n                <h3 class=\"u-gallery-heading\" data-lang-pt=\"TEATRO MUNICIPAL DA GUARDA\" data-lang-en=\"GUARDA MUNICIPAL THEATER\">TEATRO MUNICIPAL DA GUARDA<\/h3>\n                <p class=\"u-gallery-text\" style=\"margin-top: 0px;\" data-lang-pt=\"Guarda\" data-lang-en=\"43,8 km\">Guarda<\/p>\n              <\/div>\n            <\/div>\n            <div class=\"u-effect-fade u-gallery-item\">\n              <div class=\"u-back-slide\" data-image-width=\"473\" data-image-height=\"266\">\n                <img decoding=\"async\" class=\"u-back-image u-expanded\" src=\"https:\/\/www.casasdomondego.com\/site\/wp-content\/uploads\/2023\/05\/museu_guarda.jpg\" alt=\"MUSEU DA GUARDA\">\n              <\/div>\n              <div class=\"u-over-slide u-shading u-over-slide-5\">\n                <h3 class=\"u-gallery-heading\" data-lang-pt=\"MUSEU DA GUARDA\" data-lang-en=\"GUARD MUSEUM\">MUSEU DA GUARDA<\/h3>\n                <p class=\"u-gallery-text\" style=\"margin-top: 0px;\" data-lang-pt=\"Guarda\" data-lang-en=\"Guarda\">Guarda<\/p>\n              <\/div>\n            <\/div>\n            <div class=\"u-effect-fade u-gallery-item\" data-image-width=\"473\" data-image-height=\"315\">\n              <div class=\"u-back-slide\" data-image-width=\"420\" data-image-height=\"315\">\n                <img decoding=\"async\" class=\"u-back-image u-expanded\" src=\"https:\/\/www.casasdomondego.com\/site\/wp-content\/uploads\/2023\/05\/museu_lanificios_covilha.jpg\" alt=\"MUSEU DOS LANIF\u00cdCIOS\">\n              <\/div>\n              <div class=\"u-over-slide u-shading u-over-slide-6\">\n                <h3 class=\"u-gallery-heading\" data-lang-pt=\"MUSEU DOS LANIF\u00cdCIOS\" data-lang-en=\"WOOL MUSEUM\">MUSEU DOS LANIF\u00cdCIOS<\/h3>\n                <p class=\"u-gallery-text\" data-lang-pt=\"Covilh\u00e3\" style=\"margin-top: 0px;\" data-lang-en=\"Covilh\u00e3\">Covilh\u00e3<\/p>\n              <\/div>\n            <\/div>\n            <div class=\"u-effect-fade u-gallery-item\">\n              <div class=\"u-back-slide\" data-image-width=\"394\" data-image-height=\"315\">\n                <img decoding=\"async\" class=\"u-back-image u-expanded\" src=\"https:\/\/www.casasdomondego.com\/site\/wp-content\/uploads\/2023\/05\/Museu_Judaico_de_Belmonte.jpg\" alt=\"MUSEU JUDAICO DE BELMONTE\">\n              <\/div>\n              <div class=\"u-over-slide u-shading u-over-slide-7\">\n                <h3 class=\"u-gallery-heading\" data-lang-pt=\"MUSEU JUDAICO DE BELMONTE\" data-lang-en=\"JEWISH MUSEUM OF BELMONTE\">MUSEU JUDAICO DE BELMONTE<\/h3>\n                <p class=\"u-gallery-text\" style=\"margin-top: 0px;\" data-lang-pt=\"Belmonte\" data-lang-en=\"Belmonte\">Belmonte<\/p>\n              <\/div>\n            <\/div>\n            <div class=\"u-effect-fade u-gallery-item\" data-image-width=\"473\" data-image-height=\"315\">\n              <div class=\"u-back-slide\" data-image-width=\"800\" data-image-height=\"600\">\n                <img decoding=\"async\" class=\"u-back-image u-expanded\" src=\"https:\/\/www.casasdomondego.com\/site\/wp-content\/uploads\/2023\/05\/Museu_dos_Descobrimentos_Belmonte.jpg\" alt=\"MUSEU DOS DESCOBRIMENTOS\">\n              <\/div>\n              <div class=\"u-over-slide u-shading u-over-slide-8\">\n                <h3 class=\"u-gallery-heading\" data-lang-pt=\"MUSEU DOS DESCOBRIMENTOS\" data-lang-en=\"MUSEUM OF DISCOVERIES\">MUSEU DOS DESCOBRIMENTOS<\/h3>\n                <p class=\"u-gallery-text\" data-lang-pt=\"Belmonte\" style=\"margin-top: 0px;\" data-lang-en=\"Belmonte\">Belmonte<\/p>\n              <\/div>\n            <\/div>\n            <div class=\"u-effect-fade u-gallery-item\" data-image-width=\"473\" data-image-height=\"315\">\n              <div class=\"u-back-slide\" data-image-width=\"473\" data-image-height=\"264\">\n                <img decoding=\"async\" class=\"u-back-image u-expanded\" src=\"https:\/\/www.casasdomondego.com\/site\/wp-content\/uploads\/2023\/05\/museu_coa.jpg\" alt=\"MUSEU DO C\u00d4A\">\n              <\/div>\n              <div class=\"u-over-slide u-shading u-over-slide-9\">\n                <h3 class=\"u-gallery-heading\" data-lang-pt=\"MUSEU DO C\u00d4A\" data-lang-en=\"C\u00d4A MUSEUM\">MUSEU DO C\u00d4A<\/h3>\n                <p class=\"u-gallery-text\" data-lang-pt=\"Vila Nova de Foz C\u00f4a\" style=\"margin-top: 0px;\" data-lang-en=\"Vila Nova de Foz C\u00f4a\">Vila Nova de Foz C\u00f4a<\/p>\n              <\/div>\n            <\/div>\n            <div class=\"u-effect-fade u-gallery-item\" data-image-width=\"473\" data-image-height=\"315\">\n              <div class=\"u-back-slide\" data-image-width=\"473\" data-image-height=\"312\">\n                <img decoding=\"async\" class=\"u-back-image u-expanded\" src=\"https:\/\/www.casasdomondego.com\/site\/wp-content\/uploads\/2023\/05\/museu_agricultor_queijo_celorico.jpg\" alt=\"MUSEU DO AGRICULTOR E DO QUEIJO\">\n              <\/div>\n              <div class=\"u-over-slide u-shading u-over-slide-10\">\n                <h3 class=\"u-gallery-heading\" data-lang-pt=\"MUSEU DO AGRICULTOR E DO QUEIJO\" data-lang-en=\"FARMER AND CHEESE MUSEUM\">MUSEU DO AGRICULTOR E DO QUEIJO<\/h3>\n                <p class=\"u-gallery-text\" data-lang-pt=\"Celorico da Beira\" style=\"margin-top: 0px;\" data-lang-en=\"Celorico da Beira\">Celorico da Beira<\/p>\n              <\/div>\n            <\/div>\n            <div class=\"u-effect-fade u-gallery-item\" data-image-width=\"473\" data-image-height=\"315\">\n              <div class=\"u-back-slide\" data-image-width=\"420\" data-image-height=\"315\">\n                <img decoding=\"async\" class=\"u-back-image u-expanded\" src=\"https:\/\/www.casasdomondego.com\/site\/wp-content\/uploads\/2023\/05\/museu_vinho.jpg\" alt=\"MUSEU DO VINHO\">\n              <\/div>\n              <div class=\"u-over-slide u-shading u-over-slide-11\">\n                <h3 class=\"u-gallery-heading\" data-lang-pt=\"MUSEU DO VINHO\" data-lang-en=\"WINE MUSEUM\">MUSEU DO VINHO<\/h3>\n                <p class=\"u-gallery-text\" data-lang-pt=\"Covilh\u00e3\" style=\"margin-top: 0px;\" data-lang-en=\"Covilh\u00e3\">Covilh\u00e3<\/p>\n              <\/div>\n            <\/div>\n            <div class=\"u-effect-fade u-gallery-item\" data-image-width=\"473\" data-image-height=\"315\">\n              <div class=\"u-back-slide\" data-image-width=\"473\" data-image-height=\"266\">\n                <img decoding=\"async\" class=\"u-back-image u-expanded\" src=\"https:\/\/www.casasdomondego.com\/site\/wp-content\/uploads\/2023\/05\/museu_do_queijo_Peraboa.jpg\" alt=\"MUSEU DO QUEIJO\">\n              <\/div>\n              <div class=\"u-over-slide u-shading u-over-slide-12\">\n                <h3 class=\"u-gallery-heading\" data-lang-pt=\"MUSEU DO QUEIJO\" data-lang-en=\"CHEESE MUSEUM\">MUSEU DO QUEIJO<\/h3>\n                <p class=\"u-gallery-text\" data-lang-pt=\"Peraboa - Covilh\u00e3\" style=\"margin-top: 0px;\" data-lang-en=\"Peraboa - Covilh\u00e3\">Peraboa - Covilh\u00e3<\/p>\n              <\/div>\n            <\/div>\n          <\/div>\n        <\/div>\n        <a href=\"https:\/\/www.casasdomondego.com\/site\/index.php\/contacto\/?isPreview=true\" class=\"u-btn u-btn-round u-button-style u-hover-palette-1-light-1 u-palette-1-base u-radius-50 u-btn-1\" data-lang-pt=\"{&quot;content&quot;:&quot;MAIS INFORMA\u00c7\u00d5ES&quot;,&quot;href&quot;:&quot;https:\/\/www.casasdomondego.com\/site\/index.php\/contacto\/?isPreview=true&quot;}\" data-lang-en=\"{&quot;content&quot;:&quot;\u200bMORE INFORMATION&quot;,&quot;href&quot;:&quot;https:\/\/www.casasdomondego.com\/site\/?lang=en&amp;pagename=contacto&quot;}\">MAIS INFORMA\u00c7\u00d5ES<\/a>\n      <\/div>\n    <\/section>\n    \n    \n  \n","protected":false},"excerpt":{"rendered":"<p>Arte e Cultura MUSEU DO P\u00c3O Seia MUSEU DO BRINQUEDO Seia S\u00c9-CATEDRAL GUARDA Guarda TEATRO MUNICIPAL DA GUARDA Guarda MUSEU DA GUARDA Guarda MUSEU DOS LANIF\u00cdCIOS Covilh\u00e3 MUSEU JUDAICO DE BELMONTE Belmonte MUSEU DOS DESCOBRIMENTOS Belmonte MUSEU DO C\u00d4A Vila Nova de Foz C\u00f4a MUSEU DO AGRICULTOR E DO QUEIJO Celorico da Beira MUSEU DO &hellip; <a href=\"https:\/\/www.casasdomondego.com\/site\/arte-e-cultura\/\" class=\"more-link\">Continue reading<span class=\"screen-reader-text\"> &#8220;Arte e Cultura&#8221;<\/span><\/a><\/p>\n","protected":false},"author":2,"featured_media":0,"parent":0,"menu_order":0,"comment_status":"closed","ping_status":"closed","template":"","meta":{"_monsterinsights_skip_tracking":false,"_monsterinsights_sitenote_active":false,"_monsterinsights_sitenote_note":"","_monsterinsights_sitenote_category":0,"footnotes":""},"class_list":["post-645","page","type-page","status-publish","hentry"],"_links":{"self":[{"href":"https:\/\/www.casasdomondego.com\/site\/wp-json\/wp\/v2\/pages\/645","targetHints":{"allow":["GET"]}}],"collection":[{"href":"https:\/\/www.casasdomondego.com\/site\/wp-json\/wp\/v2\/pages"}],"about":[{"href":"https:\/\/www.casasdomondego.com\/site\/wp-json\/wp\/v2\/types\/page"}],"author":[{"embeddable":true,"href":"https:\/\/www.casasdomondego.com\/site\/wp-json\/wp\/v2\/users\/2"}],"replies":[{"embeddable":true,"href":"https:\/\/www.casasdomondego.com\/site\/wp-json\/wp\/v2\/comments?post=645"}],"version-history":[{"count":7,"href":"https:\/\/www.casasdomondego.com\/site\/wp-json\/wp\/v2\/pages\/645\/revisions"}],"predecessor-version":[{"id":1522,"href":"https:\/\/www.casasdomondego.com\/site\/wp-json\/wp\/v2\/pages\/645\/revisions\/1522"}],"wp:attachment":[{"href":"https:\/\/www.casasdomondego.com\/site\/wp-json\/wp\/v2\/media?parent=645"}],"curies":[{"name":"wp","href":"https:\/\/api.w.org\/{rel}","templated":true}]}}