{"id":808,"date":"2023-05-25T11:15:13","date_gmt":"2023-05-25T11:15:13","guid":{"rendered":"https:\/\/casasdomondego.com\/site01\/?page_id=808"},"modified":"2023-05-30T19:23:05","modified_gmt":"2023-05-30T19:23:05","slug":"pagina","status":"publish","type":"page","link":"https:\/\/www.casasdomondego.com\/site\/pagina\/","title":{"rendered":"Passadi\u00e7os do Mondego"},"content":{"rendered":"\n  \n    \n    <section class=\"u-clearfix u-section-2\" id=\"carousel_814c\">\n      <div class=\"u-border-no-bottom u-border-no-left u-border-no-right u-border-no-top u-expanded-width u-gradient u-shape u-shape-rectangle u-shape-1\"><\/div>\n      <div class=\"u-clearfix u-gutter-24 u-layout-wrap u-layout-wrap-1\">\n        <div class=\"u-layout\" style=\"\">\n          <div class=\"u-layout-row\" style=\"\">\n            <div class=\"u-size-30 u-size-60-md\">\n              <div class=\"u-layout-col\">\n                <div class=\"u-size-30\">\n                  <div class=\"u-layout-row\">\n                    <div class=\"u-container-align-center u-container-style u-image u-layout-cell u-size-30 u-image-1\" data-image-width=\"500\" data-image-height=\"333\" style=\"background-image: url(&quot;https:\/\/www.casasdomondego.com\/site\/wp-content\/uploads\/2023\/05\/gal-04-p-500.jpg&quot;);\">\n                      <div class=\"u-container-layout u-container-layout-1\"><\/div>\n                    <\/div>\n                    <div class=\"u-container-align-center u-container-style u-image u-layout-cell u-size-30 u-image-2\" data-image-width=\"1620\" data-image-height=\"1080\" style=\"background-image: url(&quot;https:\/\/www.casasdomondego.com\/site\/wp-content\/uploads\/2023\/05\/passadicos_mondego_11.webp&quot;);\">\n                      <div class=\"u-container-layout u-container-layout-2\"><\/div>\n                    <\/div>\n                  <\/div>\n                <\/div>\n                <div class=\"u-size-30\">\n                  <div class=\"u-layout-row\">\n                    <div class=\"u-container-style u-image u-layout-cell u-size-30 u-image-3\" data-image-width=\"1619\" data-image-height=\"1080\" style=\"background-image: url(&quot;https:\/\/www.casasdomondego.com\/site\/wp-content\/uploads\/2023\/05\/passadicosdomondego_1.webp&quot;);\">\n                      <div class=\"u-container-layout u-container-layout-3\"><\/div>\n                    <\/div>\n                    <div class=\"u-container-align-center u-container-style u-image u-layout-cell u-size-30 u-image-4\" data-image-width=\"1024\" data-image-height=\"768\" style=\"background-image: url(&quot;https:\/\/www.casasdomondego.com\/site\/wp-content\/uploads\/2023\/05\/IMG_48902-1024x768-1.jpg&quot;);\">\n                      <div class=\"u-container-layout u-container-layout-4\"><\/div>\n                    <\/div>\n                  <\/div>\n                <\/div>\n              <\/div>\n            <\/div>\n            <div class=\"u-size-30 u-size-60-md\" style=\"\">\n              <div class=\"u-layout-col\" style=\"\">\n                <div class=\"u-container-style u-image u-layout-cell u-size-60 u-image-5\" data-image-width=\"1600\" data-image-height=\"1066\" style=\"background-image: url(&quot;https:\/\/www.casasdomondego.com\/site\/wp-content\/uploads\/2023\/05\/10-Engenho-Carricos.jpg&quot;);\">\n                  <div class=\"u-container-layout u-container-layout-5\">\n                    <h1 class=\"u-align-center u-text u-text-white u-text-1\" data-lang-pt=\"<span style=&quot;font-weight: 700;&quot;>\u200bP<\/span><span style=&quot;font-weight: 700;&quot;>assadi\u00e7os do<\/span> <span style=&quot;font-weight: 700;&quot;>Mondego<\/span>&amp;nbsp;<br>\" data-lang-en=\"<span style=&quot;font-weight: 700;&quot;>\u200bM<\/span>ondego Walkways&amp;nbsp;<br>\">\n                      <span style=\"font-weight: 700;\"> P<\/span>\n                      <span style=\"font-weight: 700;\">assadi\u00e7os do<\/span>\n                      <span style=\"font-weight: 700;\">Mondego<\/span>&nbsp;<br>\n                    <\/h1>\n                    <p class=\"u-align-justify u-text u-text-body-alt-color u-text-2\" data-lang-pt=\"\u200bItiner\u00e1rio pelas margens do Mondego e os seus afluentes de cerca 12 km, o caminho come\u00e7a junto \u00e0 Barragem do Caldeir\u00e3o e prolonga-se por P\u00earo Soares, Mizarela, Vila Soeiro, Trinta e Videmonte.\" data-lang-en=\"\u200b\u200b\u200bItinerary along the banks of the Mondego and its tributaries for about 12 km, the path begins next to the Caldeir\u00e3o Dam and continues through P\u00earo Soares, Mizarela, Vila Soeiro, Trinta and Videmonte.\"> Itiner\u00e1rio pelas margens do Mondego e os seus afluentes de cerca 12 km, o caminho come\u00e7a junto \u00e0 Barragem do Caldeir\u00e3o e prolonga-se por P\u00earo Soares, Mizarela, Vila Soeiro, Trinta e Videmonte.<\/p>\n                    <a href=\"https:\/\/www.passadicosdomondego.pt\/\" class=\"u-active-white u-align-left u-border-2 u-border-active-palette-1-base u-border-hover-palette-1-base u-border-white u-btn u-btn-round u-button-style u-hover-palette-5-base u-palette-1-base u-radius-50 u-text-active-palette-4-base u-text-hover-palette-4-base u-text-white u-btn-1\" data-lang-en=\"{&quot;content&quot;:&quot;\u200bVISIT WEBSITE&quot;,&quot;href&quot;:&quot;https:\/\/nicepage.cloud&quot;}\" data-animation-name=\"\" data-animation-duration=\"0\" data-animation-delay=\"0\" data-animation-direction=\"\" data-lang-pt=\"{&quot;content&quot;:&quot;Visitar o site&quot;,&quot;href&quot;:&quot;https:\/\/www.passadicosdomondego.pt\/&quot;}\">Visitar o site<\/a>\n                  <\/div>\n                <\/div>\n              <\/div>\n            <\/div>\n          <\/div>\n        <\/div>\n      <\/div>\n    <\/section>\n    <section class=\"u-clearfix u-grey-light-2 u-typography-custom-page-typography-12--Map u-section-3\" id=\"sec-5ca1\">\n      <div class=\"u-clearfix u-sheet u-sheet-1\">\n        <h3 class=\"u-text u-text-default u-text-1\" data-lang-pt=\"Mapa do Percurso\" data-lang-en=\"\u200bRoute Map\">Mapa do Percurso<\/h3>\n        <div class=\"u-clearfix u-custom-html u-expanded-width u-custom-html-1\">\n          <iframe loading=\"lazy\" src=\"https:\/\/www.google.com\/maps\/d\/embed?mid=1y-dRQ90tBJUGIMoGPMgbvjAy0EQ13SE&amp;ehbc=2E312F\" width=\"100%\" height=\"600\"><\/iframe>\n        <\/div>\n      <\/div>\n    <\/section>\n    \n    \n  \n","protected":false},"excerpt":{"rendered":"<p>P assadi\u00e7os do Mondego&nbsp; Itiner\u00e1rio pelas margens do Mondego e os seus afluentes de cerca 12 km, o caminho come\u00e7a junto \u00e0 Barragem do Caldeir\u00e3o e prolonga-se por P\u00earo Soares, Mizarela, Vila Soeiro, Trinta e Videmonte. Visitar o site Mapa do Percurso<\/p>\n","protected":false},"author":2,"featured_media":0,"parent":0,"menu_order":0,"comment_status":"closed","ping_status":"closed","template":"","meta":{"_monsterinsights_skip_tracking":false,"_monsterinsights_sitenote_active":false,"_monsterinsights_sitenote_note":"","_monsterinsights_sitenote_category":0,"footnotes":""},"class_list":["post-808","page","type-page","status-publish","hentry"],"_links":{"self":[{"href":"https:\/\/www.casasdomondego.com\/site\/wp-json\/wp\/v2\/pages\/808","targetHints":{"allow":["GET"]}}],"collection":[{"href":"https:\/\/www.casasdomondego.com\/site\/wp-json\/wp\/v2\/pages"}],"about":[{"href":"https:\/\/www.casasdomondego.com\/site\/wp-json\/wp\/v2\/types\/page"}],"author":[{"embeddable":true,"href":"https:\/\/www.casasdomondego.com\/site\/wp-json\/wp\/v2\/users\/2"}],"replies":[{"embeddable":true,"href":"https:\/\/www.casasdomondego.com\/site\/wp-json\/wp\/v2\/comments?post=808"}],"version-history":[{"count":9,"href":"https:\/\/www.casasdomondego.com\/site\/wp-json\/wp\/v2\/pages\/808\/revisions"}],"predecessor-version":[{"id":1566,"href":"https:\/\/www.casasdomondego.com\/site\/wp-json\/wp\/v2\/pages\/808\/revisions\/1566"}],"wp:attachment":[{"href":"https:\/\/www.casasdomondego.com\/site\/wp-json\/wp\/v2\/media?parent=808"}],"curies":[{"name":"wp","href":"https:\/\/api.w.org\/{rel}","templated":true}]}}